{"id":5551,"date":"2022-07-15T18:07:24","date_gmt":"2022-07-15T16:07:24","guid":{"rendered":"https:\/\/flyingdressdubai.com\/?product=couple-shooting-flying-dress"},"modified":"2022-08-14T17:01:09","modified_gmt":"2022-08-14T15:01:09","slug":"couple-shooting-flying-dress","status":"publish","type":"product","link":"https:\/\/flyingdressdubai.com\/fr\/offre\/couple-shooting-flying-dress\/","title":{"rendered":"Couple Shooting FLYING DRESS"},"content":{"rendered":"<p>Un shooting photo rythm\u00e9 par les battement de vos coeurs.<\/p>\n<p>Un moment unique, dans un cadre hors du commun, rempli d\u2019amour et de romantisme, fig\u00e9 \u00e0 jamais.<\/p>\n<p>Notre photographe et son assistante sauront faire ressortir les \u00e9motions qui vous lient et feront de ce photoshoot une po\u00e9sie, un hymne \u00e0 l\u2019amour tout en couleur et volupt\u00e9.<\/p>\n<p>Bien plus qu\u2019un souvenir, c\u2019est votre amour que l\u2019on scelle.<\/p>\n<p>Le pack de base comprend :<\/p>\n<ul>\n<li>1 heure de photoshoot<\/li>\n<li>La totalit\u00e9 de la pellicule<\/li>\n<li>10 photos retouch\u00e9es<\/li>\n<li>1 robe FlyingDress<\/li>\n<\/ul>\n<p>Le Buggy pour atteindre la dune ( si le client choisi le d\u00e9sert).<\/p>\n","protected":false},"excerpt":{"rendered":"<p>Un shooting photo rythm\u00e9 par les battement de vos coeurs. Un moment unique, dans un cadre hors du commun, rempli d\u2019amour et de romantisme, fig\u00e9 \u00e0 jamais.<\/p>\n<p>Notre photographe et son assistante sauront faire ressortir les \u00e9motions qui vous lient et feront de ce photoshoot une po\u00e9sie, un hymne \u00e0 l\u2019amour tout en couleur et volupt\u00e9.<\/p>\n<p>Bien plus qu\u2019un souvenir, c\u2019est votre amour que l\u2019on scelle.<\/p>\n<p>Le pack de base comprend :<\/p>\n<ul>\n<li>1 heure de photoshoot<\/li>\n<li>La totalit\u00e9 de la pellicule<\/li>\n<li>10 photos retouch\u00e9es<\/li>\n<li>1 robe FlyingDress<\/li>\n<\/ul>\n<p>Le Buggy pour atteindre la dune ( si le client choisi le d\u00e9sert).<\/p>\n","protected":false},"featured_media":6747,"comment_status":"open","ping_status":"closed","template":"","meta":[],"product_cat":[75],"product_tag":[],"class_list":{"0":"post-5551","1":"product","2":"type-product","3":"status-publish","4":"has-post-thumbnail","6":"product_cat-robes","8":"first","9":"instock","10":"virtual","11":"purchasable","12":"product-type-appointment"},"aioseo_notices":[],"_links":{"self":[{"href":"https:\/\/flyingdressdubai.com\/fr\/wp-json\/wp\/v2\/product\/5551"}],"collection":[{"href":"https:\/\/flyingdressdubai.com\/fr\/wp-json\/wp\/v2\/product"}],"about":[{"href":"https:\/\/flyingdressdubai.com\/fr\/wp-json\/wp\/v2\/types\/product"}],"replies":[{"embeddable":true,"href":"https:\/\/flyingdressdubai.com\/fr\/wp-json\/wp\/v2\/comments?post=5551"}],"wp:featuredmedia":[{"embeddable":true,"href":"https:\/\/flyingdressdubai.com\/fr\/wp-json\/wp\/v2\/media\/6747"}],"wp:attachment":[{"href":"https:\/\/flyingdressdubai.com\/fr\/wp-json\/wp\/v2\/media?parent=5551"}],"wp:term":[{"taxonomy":"product_cat","embeddable":true,"href":"https:\/\/flyingdressdubai.com\/fr\/wp-json\/wp\/v2\/product_cat?post=5551"},{"taxonomy":"product_tag","embeddable":true,"href":"https:\/\/flyingdressdubai.com\/fr\/wp-json\/wp\/v2\/product_tag?post=5551"}],"curies":[{"name":"wp","href":"https:\/\/api.w.org\/{rel}","templated":true}]}}