{"id":5553,"date":"2021-05-14T18:11:06","date_gmt":"2021-05-14T16:11:06","guid":{"rendered":"https:\/\/flyingdressdubai.com\/?product=solo-shooting-flying-dress"},"modified":"2022-08-15T02:12:40","modified_gmt":"2022-08-15T00:12:40","slug":"solo-shooting-flying-dress","status":"publish","type":"product","link":"https:\/\/flyingdressdubai.com\/fr\/offre\/solo-shooting-flying-dress\/","title":{"rendered":"Solo Shooting FLYING DRESS"},"content":{"rendered":"<p>Un moment rien que pour vous dans le d\u00e9sert de Duba\u00ef, sur la plage proche de Duba\u00ef Marina ou dans le c\u00e9l\u00e8bre quartier de Palm Jumeirah.<br \/>\nV\u00eatue de nos magnifiques robes, notre \u00e9quipe f\u00e9minine saura vous guider et vous conseiller pour faire ressortir la meilleure version de vous-m\u00eame.<br \/>\nDans un d\u00e9cor exceptionnel, vous serez la plus belle des femmes<\/p>\n<p>Il inclut :<\/p>\n<ul>\n<li>1 heure de photoshoot<\/li>\n<li>La totalit\u00e9 de la pellicule<\/li>\n<li>10 photos retouch\u00e9es<\/li>\n<li>1 robe Flying Dress<\/li>\n<\/ul>\n<p>Le Buggy pour atteindre la dune (si le client choisi le d\u00e9sert).<\/p>\n","protected":false},"excerpt":{"rendered":"<p>Un moment rien que pour vous dans le d\u00e9sert de Duba\u00ef, sur la plage proche de Duba\u00ef Marina ou dans le c\u00e9l\u00e8bre quartier de Palm Jumeirah.<br \/>\nV\u00eatue de nos magnifiques robes, notre \u00e9quipe f\u00e9minine saura vous guider et vous conseiller pour faire ressortir la meilleure version de vous-m\u00eame.<br \/>\nDans un d\u00e9cor exceptionnel, vous serez la plus belle des femmes<\/p>\n<p>Il inclut :<\/p>\n<ul>\n<li>1 heure de photoshoot<\/li>\n<li>La totalit\u00e9 de la pellicule<\/li>\n<li>10 photos retouch\u00e9es<\/li>\n<li>1 robe Flying Dress<\/li>\n<\/ul>\n<p>Le Buggy pour atteindre la dune (si le client choisi le d\u00e9sert).<\/p>\n","protected":false},"featured_media":6737,"comment_status":"open","ping_status":"closed","template":"","meta":[],"product_cat":[75],"product_tag":[],"class_list":{"0":"post-5553","1":"product","2":"type-product","3":"status-publish","4":"has-post-thumbnail","6":"product_cat-robes","8":"first","9":"instock","10":"virtual","11":"purchasable","12":"product-type-appointment"},"aioseo_notices":[],"_links":{"self":[{"href":"https:\/\/flyingdressdubai.com\/fr\/wp-json\/wp\/v2\/product\/5553"}],"collection":[{"href":"https:\/\/flyingdressdubai.com\/fr\/wp-json\/wp\/v2\/product"}],"about":[{"href":"https:\/\/flyingdressdubai.com\/fr\/wp-json\/wp\/v2\/types\/product"}],"replies":[{"embeddable":true,"href":"https:\/\/flyingdressdubai.com\/fr\/wp-json\/wp\/v2\/comments?post=5553"}],"wp:featuredmedia":[{"embeddable":true,"href":"https:\/\/flyingdressdubai.com\/fr\/wp-json\/wp\/v2\/media\/6737"}],"wp:attachment":[{"href":"https:\/\/flyingdressdubai.com\/fr\/wp-json\/wp\/v2\/media?parent=5553"}],"wp:term":[{"taxonomy":"product_cat","embeddable":true,"href":"https:\/\/flyingdressdubai.com\/fr\/wp-json\/wp\/v2\/product_cat?post=5553"},{"taxonomy":"product_tag","embeddable":true,"href":"https:\/\/flyingdressdubai.com\/fr\/wp-json\/wp\/v2\/product_tag?post=5553"}],"curies":[{"name":"wp","href":"https:\/\/api.w.org\/{rel}","templated":true}]}}