{"id":6274,"date":"2022-08-02T02:30:15","date_gmt":"2022-08-02T00:30:15","guid":{"rendered":"https:\/\/flyingdressdubai.com\/?post_type=product&#038;p=6274"},"modified":"2022-08-14T16:06:48","modified_gmt":"2022-08-14T14:06:48","slug":"standard-shooting-flying-dress","status":"publish","type":"product","link":"https:\/\/flyingdressdubai.com\/fr\/offre\/standard-shooting-flying-dress\/","title":{"rendered":"Standard Shooting FLYING DRESS"},"content":{"rendered":"<p>Un moment rien que pour vous dans le d\u00e9sert de Duba\u00ef, sur la plage proche de Duba\u00ef Marina, dans le c\u00e9l\u00e8bre quartier de Palm Jumeirah, ou le lieu de votre choix.<br \/>\nNotre \u00e9quipe f\u00e9minine saura vous guider et vous conseiller pour faire ressortir la meilleure version de vous-meme.<br \/>\nDans un d\u00e9cor exceptionnel, faites de ce photoshoot la carte postale de vos vacances \u00e0 Duba\u00ef.<\/p>\n<p>Il inclut :<\/p>\n<ul>\n<li>1 heure de photoshoot<\/li>\n<li>La totalit\u00e9 de la pellicule<\/li>\n<li>10 photos retouch\u00e9es<\/li>\n<li>1 robe Flying Dress<\/li>\n<\/ul>\n<p>Le Buggy pour atteindre la dune (si le client choisi le d\u00e9sert)<\/p>\n","protected":false},"excerpt":{"rendered":"<p>Un moment rien que pour vous dans le d\u00e9sert de Duba\u00ef, sur la plage proche de Duba\u00ef Marina, dans le c\u00e9l\u00e8bre quartier de Palm Jumeirah, ou le lieu de votre choix.<br \/>\nNotre \u00e9quipe f\u00e9minine saura vous guider et vous conseiller pour faire ressortir la meilleure version de vous-meme.<br \/>\nDans un d\u00e9cor exceptionnel, faites de ce photoshoot la carte postale de vos vacances \u00e0 Duba\u00ef.<\/p>\n<p>Il inclut :<\/p>\n<ul>\n<li>1 heure de photoshoot<\/li>\n<li>La totalit\u00e9 de la pellicule<\/li>\n<li>10 photos retouch\u00e9es<\/li>\n<li>1 robe Flying Dress<\/li>\n<\/ul>\n<p>Le Buggy pour atteindre la dune (si le client choisi le d\u00e9sert)<\/p>\n","protected":false},"featured_media":6807,"comment_status":"open","ping_status":"closed","template":"","meta":[],"product_cat":[75],"product_tag":[],"class_list":{"0":"post-6274","1":"product","2":"type-product","3":"status-publish","4":"has-post-thumbnail","6":"product_cat-robes","8":"first","9":"instock","10":"virtual","11":"purchasable","12":"product-type-appointment"},"aioseo_notices":[],"_links":{"self":[{"href":"https:\/\/flyingdressdubai.com\/fr\/wp-json\/wp\/v2\/product\/6274"}],"collection":[{"href":"https:\/\/flyingdressdubai.com\/fr\/wp-json\/wp\/v2\/product"}],"about":[{"href":"https:\/\/flyingdressdubai.com\/fr\/wp-json\/wp\/v2\/types\/product"}],"replies":[{"embeddable":true,"href":"https:\/\/flyingdressdubai.com\/fr\/wp-json\/wp\/v2\/comments?post=6274"}],"wp:featuredmedia":[{"embeddable":true,"href":"https:\/\/flyingdressdubai.com\/fr\/wp-json\/wp\/v2\/media\/6807"}],"wp:attachment":[{"href":"https:\/\/flyingdressdubai.com\/fr\/wp-json\/wp\/v2\/media?parent=6274"}],"wp:term":[{"taxonomy":"product_cat","embeddable":true,"href":"https:\/\/flyingdressdubai.com\/fr\/wp-json\/wp\/v2\/product_cat?post=6274"},{"taxonomy":"product_tag","embeddable":true,"href":"https:\/\/flyingdressdubai.com\/fr\/wp-json\/wp\/v2\/product_tag?post=6274"}],"curies":[{"name":"wp","href":"https:\/\/api.w.org\/{rel}","templated":true}]}}